{"id":43,"date":"2012-04-20T23:16:43","date_gmt":"2012-04-20T21:16:43","guid":{"rendered":"http:\/\/www.sosciso.de\/?page_id=43"},"modified":"2021-02-23T21:41:01","modified_gmt":"2021-02-23T20:41:01","slug":"sosciso","status":"publish","type":"page","link":"https:\/\/www.sosciso.de\/de\/uber-sosciso\/sosciso\/","title":{"rendered":"\u00dcber SoSciSo"},"content":{"rendered":"<p><strong>SoSciSo<\/strong> steht f\u00fcr Social Science Software bzw. Software in den <a href=\"https:\/\/de.wikipedia.org\/wiki\/Sozialwissenschaft\" target=\"_blank\" rel=\"noopener\">Sozialwissenschaften<\/a>. Es handelt sich um eine Webseite bzw. Blog, welche sich mit dem Einsatz von Softwareprogrammen im Rahmen der sozialwissenschaftlichen Forschung besch\u00e4ftigt. Er richtet sich an alle, die in irgendeiner Form im Bereich der Sozialwissenschaften forschend t\u00e4tig sind und dabei auf die Hilfe von Software angewiesen sind. Man mag es kaum glauben, aber selbst f\u00fcr die gern als technikfremd bel\u00e4chelten Sozialwissenschaften gibt es eine unglaubliche Menge davon. Diese Webseite soll helfen, diesen Technikeinsatz zu strukturieren und zu erkl\u00e4ren.<\/p>\n<p>Der hier dargestellte <a title=\"SoWi Forschungsprozess\" href=\"https:\/\/www.sosciso.de\/forschungsprozess\/\">sozialwissenschaftliche Forschungsprozess <\/a>bezieht sich auf die Arbeit von <strong>Schnell, R.; Hill, P. &amp; Esser, E<\/strong>. <em>Methoden der empirischen Sozialforschung,<\/em> Oldenbourg Wissenschaftsverlag, M\u00fcnchen, 2011. Er ist allerdings so \u00e4hnlich bei vielen anderen Autoren zu finden. Anhand der Phasen <strong>Ideenfindung, Literaturarbeit, Datenerhebung, Datenumwandlung, Datenanalyse, Publikation <\/strong>und der all-umspannenden Phase <strong>Projektmanagement<\/strong> werden die einzelnen Softwareprogramme kategorisiert.<\/p>\n<p>Der Kern der Seite besteht aus der <a title=\"\u00dcbersicht\" href=\"https:\/\/www.sosciso.de\/software\/ubersicht\/\">Software\u00fcbersicht<\/a>, einer Datenbank, die alle recherchierten Programme nach ihrer jeweiligen Phasen-Zuordnung sortiert auflistet. Diese orientieren sich dabei, wie bereits erw\u00e4hnt, an einem mehr oder weniger idealtypischen <a title=\"SoWi Forschungsprozess\" href=\"https:\/\/www.sosciso.de\/forschungsprozess\/\">Forschungsprozess in den Sozialwissenschaften<\/a>. Die einzelnen Phasen sind im Men\u00fc unter Software nach ihrer zeitlichen Reihenfolge geordnet. Die \u00dcbersicht wiederum ist nach einzelnen Kriterien sortierbar (Hauptkategorie, Plattform, Preis, Lizenz). \u00dcber Details gelangt man aus der \u00dcbersicht in die Detailansicht zu jedem einzelnen Programm. Dort sind au\u00dferdem jene Blog-Eintr\u00e4ge gelistet, in denen die Software Erw\u00e4hnung findet. Die Blogeintr\u00e4ge stellen die &#8218;dynamische&#8216; Seite der Webseite dar und sollen die Informationen in der Datenbank regelm\u00e4\u00dfig erg\u00e4nzen und besonders die praktische Seite der Software, sprich Erfahrungsberichte, Hilfestellungen und Fallstudien, erl\u00e4utern. Ebenso werden Neuigkeiten zu aktuellen Softwareversionen, Neuentwicklungen und \u00e4hnliches zu finden sein.<\/p>\n<div class=\"shariff\"><ul class=\"shariff-buttons theme-default orientation-horizontal buttonsize-medium\"><li class=\"shariff-button facebook shariff-nocustomcolor\" style=\"background-color:#4273c8\"><a href=\"https:\/\/www.facebook.com\/sharer\/sharer.php?u=https%3A%2F%2Fwww.sosciso.de%2Fde%2Fuber-sosciso%2Fsosciso%2F\" title=\"Bei Facebook teilen\" aria-label=\"Bei Facebook teilen\" role=\"button\" rel=\"nofollow\" class=\"shariff-link\" style=\"; background-color:#3b5998; color:#fff\" target=\"_blank\"><span class=\"shariff-icon\" style=\"\"><svg width=\"32px\" height=\"20px\" xmlns=\"http:\/\/www.w3.org\/2000\/svg\" viewBox=\"0 0 18 32\"><path fill=\"#3b5998\" d=\"M17.1 0.2v4.7h-2.8q-1.5 0-2.1 0.6t-0.5 1.9v3.4h5.2l-0.7 5.3h-4.5v13.6h-5.5v-13.6h-4.5v-5.3h4.5v-3.9q0-3.3 1.9-5.2t5-1.8q2.6 0 4.1 0.2z\"\/><\/svg><\/span><span class=\"shariff-text\">teilen<\/span>&nbsp;<\/a><\/li><li class=\"shariff-button twitter shariff-nocustomcolor\" style=\"background-color:#595959\"><a href=\"https:\/\/twitter.com\/share?url=https%3A%2F%2Fwww.sosciso.de%2Fde%2Fuber-sosciso%2Fsosciso%2F&text=%C3%9Cber%20SoSciSo\" title=\"Bei X teilen\" aria-label=\"Bei X teilen\" role=\"button\" rel=\"noopener nofollow\" class=\"shariff-link\" style=\"; background-color:#000; color:#fff\" target=\"_blank\"><span class=\"shariff-icon\" style=\"\"><svg width=\"32px\" height=\"20px\" xmlns=\"http:\/\/www.w3.org\/2000\/svg\" viewBox=\"0 0 24 24\"><path fill=\"#000\" d=\"M14.258 10.152L23.176 0h-2.113l-7.747 8.813L7.133 0H0l9.352 13.328L0 23.973h2.113l8.176-9.309 6.531 9.309h7.133zm-2.895 3.293l-.949-1.328L2.875 1.56h3.246l6.086 8.523.945 1.328 7.91 11.078h-3.246zm0 0\"\/><\/svg><\/span><span class=\"shariff-text\">teilen<\/span>&nbsp;<\/a><\/li><li class=\"shariff-button diaspora shariff-nocustomcolor\" style=\"background-color:#b3b3b3\"><a href=\"https:\/\/share.diasporafoundation.org\/?url=https%3A%2F%2Fwww.sosciso.de%2Fde%2Fuber-sosciso%2Fsosciso%2F&title=%C3%9Cber%20SoSciSo\" title=\"Bei diaspora* teilen\" aria-label=\"Bei diaspora* teilen\" role=\"button\" rel=\"noopener nofollow\" class=\"shariff-link\" style=\"; background-color:#999; color:#fff\" target=\"_blank\"><span class=\"shariff-icon\" style=\"\"><svg width=\"32px\" height=\"20px\" xmlns=\"http:\/\/www.w3.org\/2000\/svg\" viewBox=\"0 0 33 32\"><path fill=\"#999\" d=\"M20.6 28.2c-0.8-1.2-2.1-2.9-2.9-4-0.8-1.1-1.4-1.9-1.4-1.9s-1.2 1.6-2.8 3.8c-1.5 2.1-2.8 3.8-2.8 3.8 0 0-5.5-3.9-5.5-3.9 0 0 1.2-1.8 2.8-4s2.8-4 2.8-4.1c0-0.1-0.5-0.2-4.4-1.5-2.4-0.8-4.4-1.5-4.4-1.5 0 0 0.2-0.8 1-3.2 0.6-1.8 1-3.2 1.1-3.3s2.1 0.6 4.6 1.5c2.5 0.8 4.6 1.5 4.6 1.5s0.1 0 0.1-0.1c0 0 0-2.2 0-4.8s0-4.7 0.1-4.7c0 0 0.7 0 3.3 0 1.8 0 3.3 0 3.4 0 0 0 0.1 1.4 0.2 4.6 0.1 5.2 0.1 5.3 0.2 5.3 0 0 2-0.7 4.5-1.5s4.4-1.5 4.4-1.5c0 0.1 2 6.5 2 6.5 0 0-2 0.7-4.5 1.5-3.4 1.1-4.5 1.5-4.5 1.6 0 0 1.2 1.8 2.6 3.9 1.5 2.1 2.6 3.9 2.6 3.9 0 0-5.4 4-5.5 4 0 0-0.7-0.9-1.5-2.1z\"\/><\/svg><\/span><span class=\"shariff-text\">teilen<\/span>&nbsp;<\/a><\/li><li class=\"shariff-button whatsapp shariff-nocustomcolor\" style=\"background-color:#5cbe4a\"><a href=\"https:\/\/api.whatsapp.com\/send?text=https%3A%2F%2Fwww.sosciso.de%2Fde%2Fuber-sosciso%2Fsosciso%2F%20%C3%9Cber%20SoSciSo\" title=\"Bei Whatsapp teilen\" aria-label=\"Bei Whatsapp teilen\" role=\"button\" rel=\"noopener nofollow\" class=\"shariff-link\" style=\"; background-color:#34af23; color:#fff\" target=\"_blank\"><span class=\"shariff-icon\" style=\"\"><svg width=\"32px\" height=\"20px\" xmlns=\"http:\/\/www.w3.org\/2000\/svg\" viewBox=\"0 0 32 32\"><path fill=\"#34af23\" d=\"M17.6 17.4q0.2 0 1.7 0.8t1.6 0.9q0 0.1 0 0.3 0 0.6-0.3 1.4-0.3 0.7-1.3 1.2t-1.8 0.5q-1 0-3.4-1.1-1.7-0.8-3-2.1t-2.6-3.3q-1.3-1.9-1.3-3.5v-0.1q0.1-1.6 1.3-2.8 0.4-0.4 0.9-0.4 0.1 0 0.3 0t0.3 0q0.3 0 0.5 0.1t0.3 0.5q0.1 0.4 0.6 1.6t0.4 1.3q0 0.4-0.6 1t-0.6 0.8q0 0.1 0.1 0.3 0.6 1.3 1.8 2.4 1 0.9 2.7 1.8 0.2 0.1 0.4 0.1 0.3 0 1-0.9t0.9-0.9zM14 26.9q2.3 0 4.3-0.9t3.6-2.4 2.4-3.6 0.9-4.3-0.9-4.3-2.4-3.6-3.6-2.4-4.3-0.9-4.3 0.9-3.6 2.4-2.4 3.6-0.9 4.3q0 3.6 2.1 6.6l-1.4 4.2 4.3-1.4q2.8 1.9 6.2 1.9zM14 2.2q2.7 0 5.2 1.1t4.3 2.9 2.9 4.3 1.1 5.2-1.1 5.2-2.9 4.3-4.3 2.9-5.2 1.1q-3.5 0-6.5-1.7l-7.4 2.4 2.4-7.2q-1.9-3.2-1.9-6.9 0-2.7 1.1-5.2t2.9-4.3 4.3-2.9 5.2-1.1z\"\/><\/svg><\/span><span class=\"shariff-text\">teilen<\/span>&nbsp;<\/a><\/li><li class=\"shariff-button rss shariff-nocustomcolor\" style=\"background-color:#ff8c00\"><a href=\"https:\/\/www.sosciso.de\/de\/feed\/rss\/\" title=\"RSS-feed\" aria-label=\"RSS-feed\" role=\"button\" class=\"shariff-link\" style=\"; background-color:#fe9312; color:#fff\" target=\"_blank\"><span class=\"shariff-icon\" style=\"\"><svg width=\"32px\" height=\"20px\" xmlns=\"http:\/\/www.w3.org\/2000\/svg\" viewBox=\"0 0 32 32\"><path fill=\"#fe9312\" d=\"M4.3 23.5c-2.3 0-4.3 1.9-4.3 4.3 0 2.3 1.9 4.2 4.3 4.2 2.4 0 4.3-1.9 4.3-4.2 0-2.3-1.9-4.3-4.3-4.3zM0 10.9v6.1c4 0 7.7 1.6 10.6 4.4 2.8 2.8 4.4 6.6 4.4 10.6h6.2c0-11.7-9.5-21.1-21.1-21.1zM0 0v6.1c14.2 0 25.8 11.6 25.8 25.9h6.2c0-17.6-14.4-32-32-32z\"\/><\/svg><\/span><span class=\"shariff-text\">RSS-feed<\/span>&nbsp;<\/a><\/li><li class=\"shariff-button info shariff-nocustomcolor\" style=\"background-color:#eee\"><a href=\"http:\/\/ct.de\/-2467514\" title=\"Weitere Informationen\" aria-label=\"Weitere Informationen\" role=\"button\" rel=\"noopener \" class=\"shariff-link\" style=\"; background-color:#fff; color:#fff\" target=\"_blank\"><span class=\"shariff-icon\" style=\"\"><svg width=\"32px\" height=\"20px\" xmlns=\"http:\/\/www.w3.org\/2000\/svg\" viewBox=\"0 0 11 32\"><path fill=\"#999\" d=\"M11.4 24v2.3q0 0.5-0.3 0.8t-0.8 0.4h-9.1q-0.5 0-0.8-0.4t-0.4-0.8v-2.3q0-0.5 0.4-0.8t0.8-0.4h1.1v-6.8h-1.1q-0.5 0-0.8-0.4t-0.4-0.8v-2.3q0-0.5 0.4-0.8t0.8-0.4h6.8q0.5 0 0.8 0.4t0.4 0.8v10.3h1.1q0.5 0 0.8 0.4t0.3 0.8zM9.2 3.4v3.4q0 0.5-0.4 0.8t-0.8 0.4h-4.6q-0.4 0-0.8-0.4t-0.4-0.8v-3.4q0-0.4 0.4-0.8t0.8-0.4h4.6q0.5 0 0.8 0.4t0.4 0.8z\"\/><\/svg><\/span><\/a><\/li><\/ul><\/div>","protected":false},"excerpt":{"rendered":"<p>SoSciSo steht f\u00fcr Social Science Software bzw. Software in den Sozialwissenschaften. Es handelt sich um eine Webseite bzw. Blog, welche sich mit dem Einsatz von Softwareprogrammen im Rahmen der sozialwissenschaftlichen Forschung besch\u00e4ftigt. Er richtet sich an alle, die in irgendeiner Form im Bereich der Sozialwissenschaften forschend t\u00e4tig sind und dabei auf die Hilfe von Software [&hellip;]<\/p>\n","protected":false},"author":1,"featured_media":0,"parent":34,"menu_order":0,"comment_status":"closed","ping_status":"closed","template":"templates\/template-full-width.php","meta":{"footnotes":""},"class_list":["post-43","page","type-page","status-publish","hentry"],"yoast_head":"<!-- This site is optimized with the Yoast SEO plugin v27.1.1 - https:\/\/yoast.com\/product\/yoast-seo-wordpress\/ -->\n<title>\u00dcber SoSciSo - the Social Science Software Blog<\/title>\n<meta name=\"description\" content=\"Diese Seite informiert im Allgemeinen \u00fcber den Blog SoSciSo, seinen Aufbau und Inhalt. Wichtigstes Thema ist der sozialwissenschaftliche Forschungsprozess.\" \/>\n<meta name=\"robots\" content=\"index, follow, max-snippet:-1, max-image-preview:large, max-video-preview:-1\" \/>\n<link rel=\"canonical\" href=\"https:\/\/www.sosciso.de\/en\/uber-sosciso\/sosciso\/\" \/>\n<meta name=\"twitter:label1\" content=\"Gesch\u00e4tzte Lesezeit\" \/>\n\t<meta name=\"twitter:data1\" content=\"11\u00a0Minuten\" \/>\n<script type=\"application\/ld+json\" class=\"yoast-schema-graph\">{\"@context\":\"https:\/\/schema.org\",\"@graph\":[{\"@type\":\"WebPage\",\"@id\":\"https:\/\/www.sosciso.de\/en\/uber-sosciso\/sosciso\/\",\"url\":\"https:\/\/www.sosciso.de\/en\/uber-sosciso\/sosciso\/\",\"name\":\"\u00dcber SoSciSo - the Social Science Software Blog\",\"isPartOf\":{\"@id\":\"https:\/\/www.sosciso.de\/en\/#website\"},\"datePublished\":\"2012-04-20T21:16:43+00:00\",\"dateModified\":\"2021-02-23T20:41:01+00:00\",\"description\":\"Diese Seite informiert im Allgemeinen \u00fcber den Blog SoSciSo, seinen Aufbau und Inhalt. Wichtigstes Thema ist der sozialwissenschaftliche Forschungsprozess.\",\"breadcrumb\":{\"@id\":\"https:\/\/www.sosciso.de\/en\/uber-sosciso\/sosciso\/#breadcrumb\"},\"inLanguage\":\"de\",\"potentialAction\":[{\"@type\":\"ReadAction\",\"target\":[\"https:\/\/www.sosciso.de\/en\/uber-sosciso\/sosciso\/\"]}]},{\"@type\":\"BreadcrumbList\",\"@id\":\"https:\/\/www.sosciso.de\/en\/uber-sosciso\/sosciso\/#breadcrumb\",\"itemListElement\":[{\"@type\":\"ListItem\",\"position\":1,\"name\":\"About SoSciSo\",\"item\":\"https:\/\/www.sosciso.de\/en\/uber-sosciso\/\"},{\"@type\":\"ListItem\",\"position\":2,\"name\":\"About SoSciSo\"}]},{\"@type\":\"WebSite\",\"@id\":\"https:\/\/www.sosciso.de\/en\/#website\",\"url\":\"https:\/\/www.sosciso.de\/en\/\",\"name\":\"Social Science Software\",\"description\":\"Software im sozialwissenschaftlichen Forschungsprozess\",\"publisher\":{\"@id\":\"https:\/\/www.sosciso.de\/en\/#organization\"},\"potentialAction\":[{\"@type\":\"SearchAction\",\"target\":{\"@type\":\"EntryPoint\",\"urlTemplate\":\"https:\/\/www.sosciso.de\/en\/?s={search_term_string}\"},\"query-input\":{\"@type\":\"PropertyValueSpecification\",\"valueRequired\":true,\"valueName\":\"search_term_string\"}}],\"inLanguage\":\"de\"},{\"@type\":\"Organization\",\"@id\":\"https:\/\/www.sosciso.de\/en\/#organization\",\"name\":\"Social Science Software\",\"url\":\"https:\/\/www.sosciso.de\/en\/\",\"logo\":{\"@type\":\"ImageObject\",\"inLanguage\":\"de\",\"@id\":\"https:\/\/www.sosciso.de\/en\/#\/schema\/logo\/image\/\",\"url\":\"https:\/\/www.sosciso.de\/wp-content\/uploads\/2021\/01\/logo_weiss_3434.png\",\"contentUrl\":\"https:\/\/www.sosciso.de\/wp-content\/uploads\/2021\/01\/logo_weiss_3434.png\",\"width\":34,\"height\":34,\"caption\":\"Social Science Software\"},\"image\":{\"@id\":\"https:\/\/www.sosciso.de\/en\/#\/schema\/logo\/image\/\"}}]}<\/script>\n<!-- \/ Yoast SEO plugin. -->","yoast_head_json":{"title":"\u00dcber SoSciSo - the Social Science Software Blog","description":"Diese Seite informiert im Allgemeinen \u00fcber den Blog SoSciSo, seinen Aufbau und Inhalt. Wichtigstes Thema ist der sozialwissenschaftliche Forschungsprozess.","robots":{"index":"index","follow":"follow","max-snippet":"max-snippet:-1","max-image-preview":"max-image-preview:large","max-video-preview":"max-video-preview:-1"},"canonical":"https:\/\/www.sosciso.de\/en\/uber-sosciso\/sosciso\/","twitter_misc":{"Gesch\u00e4tzte Lesezeit":"11\u00a0Minuten"},"schema":{"@context":"https:\/\/schema.org","@graph":[{"@type":"WebPage","@id":"https:\/\/www.sosciso.de\/en\/uber-sosciso\/sosciso\/","url":"https:\/\/www.sosciso.de\/en\/uber-sosciso\/sosciso\/","name":"\u00dcber SoSciSo - the Social Science Software Blog","isPartOf":{"@id":"https:\/\/www.sosciso.de\/en\/#website"},"datePublished":"2012-04-20T21:16:43+00:00","dateModified":"2021-02-23T20:41:01+00:00","description":"Diese Seite informiert im Allgemeinen \u00fcber den Blog SoSciSo, seinen Aufbau und Inhalt. Wichtigstes Thema ist der sozialwissenschaftliche Forschungsprozess.","breadcrumb":{"@id":"https:\/\/www.sosciso.de\/en\/uber-sosciso\/sosciso\/#breadcrumb"},"inLanguage":"de","potentialAction":[{"@type":"ReadAction","target":["https:\/\/www.sosciso.de\/en\/uber-sosciso\/sosciso\/"]}]},{"@type":"BreadcrumbList","@id":"https:\/\/www.sosciso.de\/en\/uber-sosciso\/sosciso\/#breadcrumb","itemListElement":[{"@type":"ListItem","position":1,"name":"About SoSciSo","item":"https:\/\/www.sosciso.de\/en\/uber-sosciso\/"},{"@type":"ListItem","position":2,"name":"About SoSciSo"}]},{"@type":"WebSite","@id":"https:\/\/www.sosciso.de\/en\/#website","url":"https:\/\/www.sosciso.de\/en\/","name":"Social Science Software","description":"Software im sozialwissenschaftlichen Forschungsprozess","publisher":{"@id":"https:\/\/www.sosciso.de\/en\/#organization"},"potentialAction":[{"@type":"SearchAction","target":{"@type":"EntryPoint","urlTemplate":"https:\/\/www.sosciso.de\/en\/?s={search_term_string}"},"query-input":{"@type":"PropertyValueSpecification","valueRequired":true,"valueName":"search_term_string"}}],"inLanguage":"de"},{"@type":"Organization","@id":"https:\/\/www.sosciso.de\/en\/#organization","name":"Social Science Software","url":"https:\/\/www.sosciso.de\/en\/","logo":{"@type":"ImageObject","inLanguage":"de","@id":"https:\/\/www.sosciso.de\/en\/#\/schema\/logo\/image\/","url":"https:\/\/www.sosciso.de\/wp-content\/uploads\/2021\/01\/logo_weiss_3434.png","contentUrl":"https:\/\/www.sosciso.de\/wp-content\/uploads\/2021\/01\/logo_weiss_3434.png","width":34,"height":34,"caption":"Social Science Software"},"image":{"@id":"https:\/\/www.sosciso.de\/en\/#\/schema\/logo\/image\/"}}]}},"_links":{"self":[{"href":"https:\/\/www.sosciso.de\/de\/wp-json\/wp\/v2\/pages\/43","targetHints":{"allow":["GET"]}}],"collection":[{"href":"https:\/\/www.sosciso.de\/de\/wp-json\/wp\/v2\/pages"}],"about":[{"href":"https:\/\/www.sosciso.de\/de\/wp-json\/wp\/v2\/types\/page"}],"author":[{"embeddable":true,"href":"https:\/\/www.sosciso.de\/de\/wp-json\/wp\/v2\/users\/1"}],"replies":[{"embeddable":true,"href":"https:\/\/www.sosciso.de\/de\/wp-json\/wp\/v2\/comments?post=43"}],"version-history":[{"count":23,"href":"https:\/\/www.sosciso.de\/de\/wp-json\/wp\/v2\/pages\/43\/revisions"}],"predecessor-version":[{"id":3233,"href":"https:\/\/www.sosciso.de\/de\/wp-json\/wp\/v2\/pages\/43\/revisions\/3233"}],"up":[{"embeddable":true,"href":"https:\/\/www.sosciso.de\/de\/wp-json\/wp\/v2\/pages\/34"}],"wp:attachment":[{"href":"https:\/\/www.sosciso.de\/de\/wp-json\/wp\/v2\/media?parent=43"}],"curies":[{"name":"wp","href":"https:\/\/api.w.org\/{rel}","templated":true}]}}