{"id":47,"date":"2012-04-20T23:17:25","date_gmt":"2012-04-20T21:17:25","guid":{"rendered":"http:\/\/www.sosciso.de\/?page_id=47"},"modified":"2021-04-23T14:28:33","modified_gmt":"2021-04-23T12:28:33","slug":"faq","status":"publish","type":"page","link":"https:\/\/www.sosciso.de\/de\/uber-sosciso\/faq\/","title":{"rendered":"FAQ &#8211; H\u00e4ufig gestellte Fragen"},"content":{"rendered":"<p><div id=\"faq-block\" class=\"faq-block-wrap\" name=\"faq-block\"><div class=\"faq-list\" data-speed=\"200\"><div class=\"single-faq\"><h2 id=\"wie-bist-du-auf-die-idee-gekommen\" name=\"wie-bist-du-auf-die-idee-gekommen\" class=\"faq-question\">Wie bist Du auf die Idee gekommen?<\/h2><div class=\"faq-answer\" rel=\"wie-bist-du-auf-die-idee-gekommen\"><p>Ich besch\u00e4ftigte und besch\u00e4ftige mich selber im Rahmen diverser Abschlussarbeiten bzw. Forschungsprojekte regelm\u00e4ssig mit verschiedenen Softwareprogrammen, um meinen Forschungsprozess so gut wie m\u00f6glich zu unterst\u00fctzen. Durch den Austausch mit Freunden und Kollegen fiel mir dabei auf, dass die Informationen zu dem Thema recht diffus vorliegen und ich vielen Programmen erst nach intensivster Recherche begegnete. Und da man ja gerne teilt, <a title=\"Tux\" href=\"http:\/\/upload.wikimedia.org\/wikipedia\/commons\/thumb\/3\/35\/Tux.svg\/204px-Tux.svg.png\" target=\"_blank\" rel=\"noopener noreferrer\">ne<\/a> , wollte ich das auch mal machen.<\/p>\n<\/div><\/div><div class=\"single-faq\"><h2 id=\"was-kann-die-seite\" name=\"was-kann-die-seite\" class=\"faq-question\">Was kann die Seite?<\/h2><div class=\"faq-answer\" rel=\"was-kann-die-seite\"><p>Die Seite <a href=\"https:\/\/www.sosciso.de\">SoSciSo<\/a> listet anhand der Phasen eines mehr oder weniger idealtypischen <a title=\"SoWi Forschungsprozess\" href=\"https:\/\/www.sosciso.de\/forschungsprozess\/\">sozialwissenschaftlichen Forschungsprozesses <\/a>die einzelnen Softwareprogramme auf, die in den Phasen Verwendung finden und damit den Forschungsprozess unterst\u00fctzen k\u00f6nnen. Zum einen gibt es die <a title=\"\u00dcbersicht\" href=\"https:\/\/www.sosciso.de\/software\/ubersicht\/\">Software\u00fcbersicht<\/a>, in der alle Programme nach Kriterien sortierbar gelistet sind. Zum anderen erscheinen in gewisser Regelm\u00e4\u00dfigkeit <a href=\"https:\/\/www.sosciso.de\">Blog-Beitr\u00e4ge<\/a> zu den einzelnen Programmen bzw. auch zu den einzelnen Phasen des Forschungsprozesses mit dem Schwerpunkt auf dem Einsatz von Software.<\/p>\n<\/div><\/div><div class=\"single-faq\"><h2 id=\"inhaltlicher-fehler\" name=\"inhaltlicher-fehler\" class=\"faq-question\">Ich habe einen Fehler gefunden oder einen Kommentar zum Inhalt - was tun?<\/h2><div class=\"faq-answer\" rel=\"inhaltlicher-fehler\"><p>Schicke uns bitte eine Email mit der konkreten Problembeschreibung\/Hinweis an: <a href=\"mailto:editor@sosciso.de\" target=\"_blank\" rel=\"noopener noreferrer\">editor AT sosciso.de<\/a><\/p>\n<p>Betrifft der Fehler die Daten, die bei Wikidata liegen? Dann \u00e4ndere doch einfach selber. <a href=\"https:\/\/www.wikidata.org\/w\/index.php?title=Special:CreateAccount&amp;returnto=Wikidata%3AMain+Page\">Wikidata-Konto anlegen<\/a>, <a href=\"https:\/\/www.wikidata.org\/w\/index.php?title=Special:UserLogin&amp;returnto=Wikidata%3AMain+Page\">Einloggen<\/a>, und dann das entsprechende, existierende Item suchen und bearbeiten oder aber ein <a href=\"https:\/\/www.wikidata.org\/wiki\/Special:NewItem\">neues Item anlegen<\/a>.<\/p>\n<\/div><\/div><\/div><\/div><\/p>","protected":false},"excerpt":{"rendered":"","protected":false},"author":1,"featured_media":0,"parent":34,"menu_order":1,"comment_status":"closed","ping_status":"closed","template":"","meta":{"footnotes":""},"class_list":["post-47","page","type-page","status-publish","hentry"],"yoast_head":"<!-- This site is optimized with the Yoast SEO plugin v27.1.1 - https:\/\/yoast.com\/product\/yoast-seo-wordpress\/ -->\n<title>FAQ - Frequently Asked Questions<\/title>\n<meta name=\"description\" content=\"Frequently asked question (FAQ) about the site SoSciSo - Social Science Software. Software im sozialwissenschaftlichen Forschungsprozess.\" \/>\n<meta name=\"robots\" content=\"index, follow, max-snippet:-1, max-image-preview:large, max-video-preview:-1\" \/>\n<link rel=\"canonical\" href=\"https:\/\/www.sosciso.de\/en\/uber-sosciso\/faq\/\" \/>\n<meta name=\"twitter:label1\" content=\"Gesch\u00e4tzte Lesezeit\" \/>\n\t<meta name=\"twitter:data1\" content=\"1\u00a0Minute\" \/>\n<script type=\"application\/ld+json\" class=\"yoast-schema-graph\">{\"@context\":\"https:\/\/schema.org\",\"@graph\":[{\"@type\":\"WebPage\",\"@id\":\"https:\/\/www.sosciso.de\/en\/uber-sosciso\/faq\/\",\"url\":\"https:\/\/www.sosciso.de\/en\/uber-sosciso\/faq\/\",\"name\":\"FAQ - Frequently Asked Questions\",\"isPartOf\":{\"@id\":\"https:\/\/www.sosciso.de\/en\/#website\"},\"datePublished\":\"2012-04-20T21:17:25+00:00\",\"dateModified\":\"2021-04-23T12:28:33+00:00\",\"description\":\"Frequently asked question (FAQ) about the site SoSciSo - Social Science Software. Software im sozialwissenschaftlichen Forschungsprozess.\",\"breadcrumb\":{\"@id\":\"https:\/\/www.sosciso.de\/en\/uber-sosciso\/faq\/#breadcrumb\"},\"inLanguage\":\"de\",\"potentialAction\":[{\"@type\":\"ReadAction\",\"target\":[\"https:\/\/www.sosciso.de\/en\/uber-sosciso\/faq\/\"]}]},{\"@type\":\"BreadcrumbList\",\"@id\":\"https:\/\/www.sosciso.de\/en\/uber-sosciso\/faq\/#breadcrumb\",\"itemListElement\":[{\"@type\":\"ListItem\",\"position\":1,\"name\":\"About SoSciSo\",\"item\":\"https:\/\/www.sosciso.de\/en\/uber-sosciso\/\"},{\"@type\":\"ListItem\",\"position\":2,\"name\":\"FAQ &#8211; Frequently asked questions\"}]},{\"@type\":\"WebSite\",\"@id\":\"https:\/\/www.sosciso.de\/en\/#website\",\"url\":\"https:\/\/www.sosciso.de\/en\/\",\"name\":\"Social Science Software\",\"description\":\"Software im sozialwissenschaftlichen Forschungsprozess\",\"publisher\":{\"@id\":\"https:\/\/www.sosciso.de\/en\/#organization\"},\"potentialAction\":[{\"@type\":\"SearchAction\",\"target\":{\"@type\":\"EntryPoint\",\"urlTemplate\":\"https:\/\/www.sosciso.de\/en\/?s={search_term_string}\"},\"query-input\":{\"@type\":\"PropertyValueSpecification\",\"valueRequired\":true,\"valueName\":\"search_term_string\"}}],\"inLanguage\":\"de\"},{\"@type\":\"Organization\",\"@id\":\"https:\/\/www.sosciso.de\/en\/#organization\",\"name\":\"Social Science Software\",\"url\":\"https:\/\/www.sosciso.de\/en\/\",\"logo\":{\"@type\":\"ImageObject\",\"inLanguage\":\"de\",\"@id\":\"https:\/\/www.sosciso.de\/en\/#\/schema\/logo\/image\/\",\"url\":\"https:\/\/www.sosciso.de\/wp-content\/uploads\/2021\/01\/logo_weiss_3434.png\",\"contentUrl\":\"https:\/\/www.sosciso.de\/wp-content\/uploads\/2021\/01\/logo_weiss_3434.png\",\"width\":34,\"height\":34,\"caption\":\"Social Science Software\"},\"image\":{\"@id\":\"https:\/\/www.sosciso.de\/en\/#\/schema\/logo\/image\/\"}}]}<\/script>\n<!-- \/ Yoast SEO plugin. -->","yoast_head_json":{"title":"FAQ - Frequently Asked Questions","description":"Frequently asked question (FAQ) about the site SoSciSo - Social Science Software. Software im sozialwissenschaftlichen Forschungsprozess.","robots":{"index":"index","follow":"follow","max-snippet":"max-snippet:-1","max-image-preview":"max-image-preview:large","max-video-preview":"max-video-preview:-1"},"canonical":"https:\/\/www.sosciso.de\/en\/uber-sosciso\/faq\/","twitter_misc":{"Gesch\u00e4tzte Lesezeit":"1\u00a0Minute"},"schema":{"@context":"https:\/\/schema.org","@graph":[{"@type":"WebPage","@id":"https:\/\/www.sosciso.de\/en\/uber-sosciso\/faq\/","url":"https:\/\/www.sosciso.de\/en\/uber-sosciso\/faq\/","name":"FAQ - Frequently Asked Questions","isPartOf":{"@id":"https:\/\/www.sosciso.de\/en\/#website"},"datePublished":"2012-04-20T21:17:25+00:00","dateModified":"2021-04-23T12:28:33+00:00","description":"Frequently asked question (FAQ) about the site SoSciSo - Social Science Software. Software im sozialwissenschaftlichen Forschungsprozess.","breadcrumb":{"@id":"https:\/\/www.sosciso.de\/en\/uber-sosciso\/faq\/#breadcrumb"},"inLanguage":"de","potentialAction":[{"@type":"ReadAction","target":["https:\/\/www.sosciso.de\/en\/uber-sosciso\/faq\/"]}]},{"@type":"BreadcrumbList","@id":"https:\/\/www.sosciso.de\/en\/uber-sosciso\/faq\/#breadcrumb","itemListElement":[{"@type":"ListItem","position":1,"name":"About SoSciSo","item":"https:\/\/www.sosciso.de\/en\/uber-sosciso\/"},{"@type":"ListItem","position":2,"name":"FAQ &#8211; Frequently asked questions"}]},{"@type":"WebSite","@id":"https:\/\/www.sosciso.de\/en\/#website","url":"https:\/\/www.sosciso.de\/en\/","name":"Social Science Software","description":"Software im sozialwissenschaftlichen Forschungsprozess","publisher":{"@id":"https:\/\/www.sosciso.de\/en\/#organization"},"potentialAction":[{"@type":"SearchAction","target":{"@type":"EntryPoint","urlTemplate":"https:\/\/www.sosciso.de\/en\/?s={search_term_string}"},"query-input":{"@type":"PropertyValueSpecification","valueRequired":true,"valueName":"search_term_string"}}],"inLanguage":"de"},{"@type":"Organization","@id":"https:\/\/www.sosciso.de\/en\/#organization","name":"Social Science Software","url":"https:\/\/www.sosciso.de\/en\/","logo":{"@type":"ImageObject","inLanguage":"de","@id":"https:\/\/www.sosciso.de\/en\/#\/schema\/logo\/image\/","url":"https:\/\/www.sosciso.de\/wp-content\/uploads\/2021\/01\/logo_weiss_3434.png","contentUrl":"https:\/\/www.sosciso.de\/wp-content\/uploads\/2021\/01\/logo_weiss_3434.png","width":34,"height":34,"caption":"Social Science Software"},"image":{"@id":"https:\/\/www.sosciso.de\/en\/#\/schema\/logo\/image\/"}}]}},"_links":{"self":[{"href":"https:\/\/www.sosciso.de\/de\/wp-json\/wp\/v2\/pages\/47","targetHints":{"allow":["GET"]}}],"collection":[{"href":"https:\/\/www.sosciso.de\/de\/wp-json\/wp\/v2\/pages"}],"about":[{"href":"https:\/\/www.sosciso.de\/de\/wp-json\/wp\/v2\/types\/page"}],"author":[{"embeddable":true,"href":"https:\/\/www.sosciso.de\/de\/wp-json\/wp\/v2\/users\/1"}],"replies":[{"embeddable":true,"href":"https:\/\/www.sosciso.de\/de\/wp-json\/wp\/v2\/comments?post=47"}],"version-history":[{"count":53,"href":"https:\/\/www.sosciso.de\/de\/wp-json\/wp\/v2\/pages\/47\/revisions"}],"predecessor-version":[{"id":3333,"href":"https:\/\/www.sosciso.de\/de\/wp-json\/wp\/v2\/pages\/47\/revisions\/3333"}],"up":[{"embeddable":true,"href":"https:\/\/www.sosciso.de\/de\/wp-json\/wp\/v2\/pages\/34"}],"wp:attachment":[{"href":"https:\/\/www.sosciso.de\/de\/wp-json\/wp\/v2\/media?parent=47"}],"curies":[{"name":"wp","href":"https:\/\/api.w.org\/{rel}","templated":true}]}}