{"id":62,"date":"2012-04-21T14:29:16","date_gmt":"2012-04-21T12:29:16","guid":{"rendered":"http:\/\/www.sosciso.de\/?page_id=62"},"modified":"2021-04-18T12:41:22","modified_gmt":"2021-04-18T10:41:22","slug":"ubersicht","status":"publish","type":"page","link":"https:\/\/www.sosciso.de\/de\/software\/ubersicht\/","title":{"rendered":"\u00dcbersicht"},"content":{"rendered":"","protected":false},"excerpt":{"rendered":"","protected":false},"author":1,"featured_media":0,"parent":10,"menu_order":0,"comment_status":"closed","ping_status":"closed","template":"","meta":{"footnotes":""},"class_list":["post-62","page","type-page","status-publish","hentry"],"yoast_head":"<!-- This site is optimized with the Yoast SEO plugin v27.1.1 - https:\/\/yoast.com\/product\/yoast-seo-wordpress\/ -->\n<title>\u00dcbersicht \u00fcber Software im sozialwissenschaftlichen Forschungsprozess<\/title>\n<meta name=\"description\" content=\"\u00dcbersicht \u00fcber die Software im sozialwissenschaftlichen Forschungsprozess auf SoSciSo. Transkription, qualitative Datenanalyse, Literaturdatenbanken\" \/>\n<meta name=\"robots\" content=\"index, follow, max-snippet:-1, max-image-preview:large, max-video-preview:-1\" \/>\n<link rel=\"canonical\" href=\"https:\/\/www.sosciso.de\/de\/software\/ubersicht\/\" \/>\n<script type=\"application\/ld+json\" class=\"yoast-schema-graph\">{\"@context\":\"https:\/\/schema.org\",\"@graph\":[{\"@type\":\"WebPage\",\"@id\":\"https:\/\/www.sosciso.de\/de\/software\/ubersicht\/\",\"url\":\"https:\/\/www.sosciso.de\/de\/software\/ubersicht\/\",\"name\":\"\u00dcbersicht \u00fcber Software im sozialwissenschaftlichen Forschungsprozess\",\"isPartOf\":{\"@id\":\"https:\/\/www.sosciso.de\/en\/#website\"},\"datePublished\":\"2012-04-21T12:29:16+00:00\",\"dateModified\":\"2021-04-18T10:41:22+00:00\",\"description\":\"\u00dcbersicht \u00fcber die Software im sozialwissenschaftlichen Forschungsprozess auf SoSciSo. Transkription, qualitative Datenanalyse, Literaturdatenbanken\",\"breadcrumb\":{\"@id\":\"https:\/\/www.sosciso.de\/de\/software\/ubersicht\/#breadcrumb\"},\"inLanguage\":\"de\",\"potentialAction\":[{\"@type\":\"ReadAction\",\"target\":[\"https:\/\/www.sosciso.de\/de\/software\/ubersicht\/\"]}]},{\"@type\":\"BreadcrumbList\",\"@id\":\"https:\/\/www.sosciso.de\/de\/software\/ubersicht\/#breadcrumb\",\"itemListElement\":[{\"@type\":\"ListItem\",\"position\":1,\"name\":\"Software\",\"item\":\"https:\/\/www.sosciso.de\/de\/software\/\"},{\"@type\":\"ListItem\",\"position\":2,\"name\":\"\u00dcbersicht\"}]},{\"@type\":\"WebSite\",\"@id\":\"https:\/\/www.sosciso.de\/en\/#website\",\"url\":\"https:\/\/www.sosciso.de\/en\/\",\"name\":\"Social Science Software\",\"description\":\"Software im sozialwissenschaftlichen Forschungsprozess\",\"publisher\":{\"@id\":\"https:\/\/www.sosciso.de\/en\/#organization\"},\"potentialAction\":[{\"@type\":\"SearchAction\",\"target\":{\"@type\":\"EntryPoint\",\"urlTemplate\":\"https:\/\/www.sosciso.de\/en\/?s={search_term_string}\"},\"query-input\":{\"@type\":\"PropertyValueSpecification\",\"valueRequired\":true,\"valueName\":\"search_term_string\"}}],\"inLanguage\":\"de\"},{\"@type\":\"Organization\",\"@id\":\"https:\/\/www.sosciso.de\/en\/#organization\",\"name\":\"Social Science Software\",\"url\":\"https:\/\/www.sosciso.de\/en\/\",\"logo\":{\"@type\":\"ImageObject\",\"inLanguage\":\"de\",\"@id\":\"https:\/\/www.sosciso.de\/en\/#\/schema\/logo\/image\/\",\"url\":\"https:\/\/www.sosciso.de\/wp-content\/uploads\/2021\/01\/logo_weiss_3434.png\",\"contentUrl\":\"https:\/\/www.sosciso.de\/wp-content\/uploads\/2021\/01\/logo_weiss_3434.png\",\"width\":34,\"height\":34,\"caption\":\"Social Science Software\"},\"image\":{\"@id\":\"https:\/\/www.sosciso.de\/en\/#\/schema\/logo\/image\/\"}}]}<\/script>\n<!-- \/ Yoast SEO plugin. -->","yoast_head_json":{"title":"\u00dcbersicht \u00fcber Software im sozialwissenschaftlichen Forschungsprozess","description":"\u00dcbersicht \u00fcber die Software im sozialwissenschaftlichen Forschungsprozess auf SoSciSo. Transkription, qualitative Datenanalyse, Literaturdatenbanken","robots":{"index":"index","follow":"follow","max-snippet":"max-snippet:-1","max-image-preview":"max-image-preview:large","max-video-preview":"max-video-preview:-1"},"canonical":"https:\/\/www.sosciso.de\/de\/software\/ubersicht\/","schema":{"@context":"https:\/\/schema.org","@graph":[{"@type":"WebPage","@id":"https:\/\/www.sosciso.de\/de\/software\/ubersicht\/","url":"https:\/\/www.sosciso.de\/de\/software\/ubersicht\/","name":"\u00dcbersicht \u00fcber Software im sozialwissenschaftlichen Forschungsprozess","isPartOf":{"@id":"https:\/\/www.sosciso.de\/en\/#website"},"datePublished":"2012-04-21T12:29:16+00:00","dateModified":"2021-04-18T10:41:22+00:00","description":"\u00dcbersicht \u00fcber die Software im sozialwissenschaftlichen Forschungsprozess auf SoSciSo. Transkription, qualitative Datenanalyse, Literaturdatenbanken","breadcrumb":{"@id":"https:\/\/www.sosciso.de\/de\/software\/ubersicht\/#breadcrumb"},"inLanguage":"de","potentialAction":[{"@type":"ReadAction","target":["https:\/\/www.sosciso.de\/de\/software\/ubersicht\/"]}]},{"@type":"BreadcrumbList","@id":"https:\/\/www.sosciso.de\/de\/software\/ubersicht\/#breadcrumb","itemListElement":[{"@type":"ListItem","position":1,"name":"Software","item":"https:\/\/www.sosciso.de\/de\/software\/"},{"@type":"ListItem","position":2,"name":"\u00dcbersicht"}]},{"@type":"WebSite","@id":"https:\/\/www.sosciso.de\/en\/#website","url":"https:\/\/www.sosciso.de\/en\/","name":"Social Science Software","description":"Software im sozialwissenschaftlichen Forschungsprozess","publisher":{"@id":"https:\/\/www.sosciso.de\/en\/#organization"},"potentialAction":[{"@type":"SearchAction","target":{"@type":"EntryPoint","urlTemplate":"https:\/\/www.sosciso.de\/en\/?s={search_term_string}"},"query-input":{"@type":"PropertyValueSpecification","valueRequired":true,"valueName":"search_term_string"}}],"inLanguage":"de"},{"@type":"Organization","@id":"https:\/\/www.sosciso.de\/en\/#organization","name":"Social Science Software","url":"https:\/\/www.sosciso.de\/en\/","logo":{"@type":"ImageObject","inLanguage":"de","@id":"https:\/\/www.sosciso.de\/en\/#\/schema\/logo\/image\/","url":"https:\/\/www.sosciso.de\/wp-content\/uploads\/2021\/01\/logo_weiss_3434.png","contentUrl":"https:\/\/www.sosciso.de\/wp-content\/uploads\/2021\/01\/logo_weiss_3434.png","width":34,"height":34,"caption":"Social Science Software"},"image":{"@id":"https:\/\/www.sosciso.de\/en\/#\/schema\/logo\/image\/"}}]}},"_links":{"self":[{"href":"https:\/\/www.sosciso.de\/de\/wp-json\/wp\/v2\/pages\/62","targetHints":{"allow":["GET"]}}],"collection":[{"href":"https:\/\/www.sosciso.de\/de\/wp-json\/wp\/v2\/pages"}],"about":[{"href":"https:\/\/www.sosciso.de\/de\/wp-json\/wp\/v2\/types\/page"}],"author":[{"embeddable":true,"href":"https:\/\/www.sosciso.de\/de\/wp-json\/wp\/v2\/users\/1"}],"replies":[{"embeddable":true,"href":"https:\/\/www.sosciso.de\/de\/wp-json\/wp\/v2\/comments?post=62"}],"version-history":[{"count":27,"href":"https:\/\/www.sosciso.de\/de\/wp-json\/wp\/v2\/pages\/62\/revisions"}],"predecessor-version":[{"id":3246,"href":"https:\/\/www.sosciso.de\/de\/wp-json\/wp\/v2\/pages\/62\/revisions\/3246"}],"up":[{"embeddable":true,"href":"https:\/\/www.sosciso.de\/de\/wp-json\/wp\/v2\/pages\/10"}],"wp:attachment":[{"href":"https:\/\/www.sosciso.de\/de\/wp-json\/wp\/v2\/media?parent=62"}],"curies":[{"name":"wp","href":"https:\/\/api.w.org\/{rel}","templated":true}]}}