{"id":627,"date":"2012-08-14T15:12:08","date_gmt":"2012-08-14T13:12:08","guid":{"rendered":"http:\/\/www.sosciso.de\/?page_id=627"},"modified":"2015-11-17T11:35:53","modified_gmt":"2015-11-17T10:35:53","slug":"erzahls-weiter","status":"publish","type":"page","link":"https:\/\/www.sosciso.de\/de\/uber-sosciso\/erzahls-weiter\/","title":{"rendered":"Erz\u00e4hl&#8217;s weiter"},"content":{"rendered":"<p>Erz\u00e4hl&#8217;s weiter &#8211; zum Einbinden auf Eurer Webseite, hier ein paar Logos zur freien Verf\u00fcgung. Wir freuen uns sehr, wenn Ihr davon Verwendung macht und so zur Verbreitung von <strong>SoSciSo<\/strong> beitragt. Ihr k\u00f6nnt das Logo und das Banner auch gerne in irgendeiner Form abwandeln, solange erkenntlich bleibt, was sich dahinter versteckt.<\/p>\n<h2>Logo einfach<\/h2>\n<table style=\"width: 372px; height: 176px;\" border=\"0\">\n<tbody>\n<tr>\n<td><a href=\"https:\/\/www.sosciso.de\/wp-content\/uploads\/2012\/08\/logo_200_200.png\" target=\"_blank\"><img loading=\"lazy\" decoding=\"async\" title=\"logo_200_200.png\" src=\"https:\/\/www.sosciso.de\/wp-content\/uploads\/2012\/08\/logo_200_200.png\" alt=\"Erz\u00e4hl's weiter - SoSciSo\" width=\"200\" height=\"200\" \/><\/a><\/td>\n<td><a href=\"https:\/\/www.sosciso.de\/wp-content\/uploads\/2012\/08\/logo_100_100.png\" target=\"_blank\"><img loading=\"lazy\" decoding=\"async\" title=\"logo_100_100.png\" src=\"https:\/\/www.sosciso.de\/wp-content\/uploads\/2012\/08\/logo_100_100.png\" alt=\"Erz\u00e4hl's weiter - SoSciSo\" width=\"100\" height=\"100\" \/><\/a><\/td>\n<td><a href=\"https:\/\/www.sosciso.de\/wp-content\/uploads\/2012\/08\/logo_50_50.png\" target=\"_blank\"><img loading=\"lazy\" decoding=\"async\" title=\"logo_50_50.png\" src=\"https:\/\/www.sosciso.de\/wp-content\/uploads\/2012\/08\/logo_50_50.png\" alt=\"Erz\u00e4hl's weiter - SoSciSo\" width=\"50\" height=\"50\" \/><\/a><\/td>\n<\/tr>\n<tr>\n<td style=\"text-align: center;\"><strong>200&#215;200<\/strong><\/td>\n<td style=\"text-align: center;\"><strong>100&#215;100<\/strong><\/td>\n<td style=\"text-align: center;\"><strong>50&#215;50<\/strong><\/td>\n<\/tr>\n<\/tbody>\n<\/table>\n<h2>Logo transparent<\/h2>\n<table style=\"width: 372px; height: 150px;\" border=\"0\">\n<tbody>\n<tr>\n<td><a href=\"https:\/\/www.sosciso.de\/wp-content\/uploads\/2012\/08\/logo_transparent_200_200.png\" target=\"_blank\"><img loading=\"lazy\" decoding=\"async\" title=\"logo_transparent_200_200.png\" src=\"https:\/\/www.sosciso.de\/wp-content\/uploads\/2012\/08\/logo_transparent_200_200.png\" alt=\"Erz\u00e4hl's weiter - SoSciSo\" width=\"200\" height=\"200\" \/><\/a><\/td>\n<td><a href=\"https:\/\/www.sosciso.de\/wp-content\/uploads\/2012\/08\/logo_transparent_100_100.png\" target=\"_blank\"><img loading=\"lazy\" decoding=\"async\" title=\"logo_transparent_100_100.png\" src=\"https:\/\/www.sosciso.de\/wp-content\/uploads\/2012\/08\/logo_transparent_100_100.png\" alt=\"Erz\u00e4hl's weiter - SoSciSo\" width=\"100\" height=\"100\" \/><\/a><\/td>\n<td><a href=\"https:\/\/www.sosciso.de\/wp-content\/uploads\/2012\/08\/logo_transparent_50_50.png\" target=\"_blank\"><img loading=\"lazy\" decoding=\"async\" title=\"logo_transparent_50_50.png\" src=\"https:\/\/www.sosciso.de\/wp-content\/uploads\/2012\/08\/logo_transparent_50_50.png\" alt=\"Erz\u00e4hl's weiter - SoSciSo\" width=\"50\" height=\"50\" \/><\/a><\/td>\n<\/tr>\n<tr>\n<td style=\"text-align: center;\"><strong>200&#215;200<\/strong><\/td>\n<td style=\"text-align: center;\"><strong>100&#215;100<\/strong><\/td>\n<td style=\"text-align: center;\"><strong>50&#215;50<\/strong><\/td>\n<\/tr>\n<\/tbody>\n<\/table>\n<h2>Banner<\/h2>\n<table style=\"width: 488px; height: 101px;\" border=\"0\">\n<tbody>\n<tr>\n<td><a href=\"https:\/\/www.sosciso.de\/wp-content\/uploads\/2012\/08\/banner_425_64.png\" target=\"_blank\"><img loading=\"lazy\" decoding=\"async\" title=\"banner_425_64.png\" src=\"https:\/\/www.sosciso.de\/wp-content\/uploads\/2012\/08\/banner_425_64.png\" alt=\"Erz\u00e4hl's weiter - SoSciSo\" width=\"425\" height=\"64\" \/><\/a><\/td>\n<td><strong>425&#215;64<\/strong><\/td>\n<\/tr>\n<tr>\n<td><a href=\"https:\/\/www.sosciso.de\/wp-content\/uploads\/2012\/08\/banner_300_45.png\" target=\"_blank\"><img loading=\"lazy\" decoding=\"async\" title=\"banner_300_45.png\" src=\"https:\/\/www.sosciso.de\/wp-content\/uploads\/2012\/08\/banner_300_45.png\" alt=\"Erz\u00e4hl's weiter - SoSciSo\" width=\"300\" height=\"45\" \/><\/a><\/td>\n<td><strong><\/strong><strong>300&#215;45<\/strong><\/td>\n<\/tr>\n<tr>\n<td><strong><\/strong><a href=\"https:\/\/www.sosciso.de\/wp-content\/uploads\/2012\/08\/banner_200_30.png\" target=\"_blank\"><img loading=\"lazy\" decoding=\"async\" title=\"banner_200_30.png\" src=\"https:\/\/www.sosciso.de\/wp-content\/uploads\/2012\/08\/banner_200_30.png\" alt=\"Erz\u00e4hl's weiter - SoSciSo\" width=\"200\" height=\"30\" \/><\/a><\/td>\n<td><strong><\/strong><strong>200&#215;30<\/strong><\/td>\n<\/tr>\n<\/tbody>\n<\/table>\n<p><\/p>\n<div class=\"shariff\"><ul class=\"shariff-buttons theme-default orientation-horizontal buttonsize-medium\"><li class=\"shariff-button facebook shariff-nocustomcolor\" style=\"background-color:#4273c8\"><a href=\"https:\/\/www.facebook.com\/sharer\/sharer.php?u=https%3A%2F%2Fwww.sosciso.de%2Fde%2Fuber-sosciso%2Ferzahls-weiter%2F\" title=\"Bei Facebook teilen\" aria-label=\"Bei Facebook teilen\" role=\"button\" rel=\"nofollow\" class=\"shariff-link\" style=\"; background-color:#3b5998; color:#fff\" target=\"_blank\"><span class=\"shariff-icon\" style=\"\"><svg width=\"32px\" height=\"20px\" xmlns=\"http:\/\/www.w3.org\/2000\/svg\" viewBox=\"0 0 18 32\"><path fill=\"#3b5998\" d=\"M17.1 0.2v4.7h-2.8q-1.5 0-2.1 0.6t-0.5 1.9v3.4h5.2l-0.7 5.3h-4.5v13.6h-5.5v-13.6h-4.5v-5.3h4.5v-3.9q0-3.3 1.9-5.2t5-1.8q2.6 0 4.1 0.2z\"\/><\/svg><\/span><span class=\"shariff-text\">teilen<\/span>&nbsp;<\/a><\/li><li class=\"shariff-button twitter shariff-nocustomcolor\" style=\"background-color:#595959\"><a href=\"https:\/\/twitter.com\/share?url=https%3A%2F%2Fwww.sosciso.de%2Fde%2Fuber-sosciso%2Ferzahls-weiter%2F&text=Erz%C3%A4hl%E2%80%99s%20weiter\" title=\"Bei X teilen\" aria-label=\"Bei X teilen\" role=\"button\" rel=\"noopener nofollow\" class=\"shariff-link\" style=\"; background-color:#000; color:#fff\" target=\"_blank\"><span class=\"shariff-icon\" style=\"\"><svg width=\"32px\" height=\"20px\" xmlns=\"http:\/\/www.w3.org\/2000\/svg\" viewBox=\"0 0 24 24\"><path fill=\"#000\" d=\"M14.258 10.152L23.176 0h-2.113l-7.747 8.813L7.133 0H0l9.352 13.328L0 23.973h2.113l8.176-9.309 6.531 9.309h7.133zm-2.895 3.293l-.949-1.328L2.875 1.56h3.246l6.086 8.523.945 1.328 7.91 11.078h-3.246zm0 0\"\/><\/svg><\/span><span class=\"shariff-text\">teilen<\/span>&nbsp;<\/a><\/li><li class=\"shariff-button diaspora shariff-nocustomcolor\" style=\"background-color:#b3b3b3\"><a href=\"https:\/\/share.diasporafoundation.org\/?url=https%3A%2F%2Fwww.sosciso.de%2Fde%2Fuber-sosciso%2Ferzahls-weiter%2F&title=Erz%C3%A4hl%E2%80%99s%20weiter\" title=\"Bei diaspora* teilen\" aria-label=\"Bei diaspora* teilen\" role=\"button\" rel=\"noopener nofollow\" class=\"shariff-link\" style=\"; background-color:#999; color:#fff\" target=\"_blank\"><span class=\"shariff-icon\" style=\"\"><svg width=\"32px\" height=\"20px\" xmlns=\"http:\/\/www.w3.org\/2000\/svg\" viewBox=\"0 0 33 32\"><path fill=\"#999\" d=\"M20.6 28.2c-0.8-1.2-2.1-2.9-2.9-4-0.8-1.1-1.4-1.9-1.4-1.9s-1.2 1.6-2.8 3.8c-1.5 2.1-2.8 3.8-2.8 3.8 0 0-5.5-3.9-5.5-3.9 0 0 1.2-1.8 2.8-4s2.8-4 2.8-4.1c0-0.1-0.5-0.2-4.4-1.5-2.4-0.8-4.4-1.5-4.4-1.5 0 0 0.2-0.8 1-3.2 0.6-1.8 1-3.2 1.1-3.3s2.1 0.6 4.6 1.5c2.5 0.8 4.6 1.5 4.6 1.5s0.1 0 0.1-0.1c0 0 0-2.2 0-4.8s0-4.7 0.1-4.7c0 0 0.7 0 3.3 0 1.8 0 3.3 0 3.4 0 0 0 0.1 1.4 0.2 4.6 0.1 5.2 0.1 5.3 0.2 5.3 0 0 2-0.7 4.5-1.5s4.4-1.5 4.4-1.5c0 0.1 2 6.5 2 6.5 0 0-2 0.7-4.5 1.5-3.4 1.1-4.5 1.5-4.5 1.6 0 0 1.2 1.8 2.6 3.9 1.5 2.1 2.6 3.9 2.6 3.9 0 0-5.4 4-5.5 4 0 0-0.7-0.9-1.5-2.1z\"\/><\/svg><\/span><span class=\"shariff-text\">teilen<\/span>&nbsp;<\/a><\/li><li class=\"shariff-button whatsapp shariff-nocustomcolor\" style=\"background-color:#5cbe4a\"><a href=\"https:\/\/api.whatsapp.com\/send?text=https%3A%2F%2Fwww.sosciso.de%2Fde%2Fuber-sosciso%2Ferzahls-weiter%2F%20Erz%C3%A4hl%E2%80%99s%20weiter\" title=\"Bei Whatsapp teilen\" aria-label=\"Bei Whatsapp teilen\" role=\"button\" rel=\"noopener nofollow\" class=\"shariff-link\" style=\"; background-color:#34af23; color:#fff\" target=\"_blank\"><span class=\"shariff-icon\" style=\"\"><svg width=\"32px\" height=\"20px\" xmlns=\"http:\/\/www.w3.org\/2000\/svg\" viewBox=\"0 0 32 32\"><path fill=\"#34af23\" d=\"M17.6 17.4q0.2 0 1.7 0.8t1.6 0.9q0 0.1 0 0.3 0 0.6-0.3 1.4-0.3 0.7-1.3 1.2t-1.8 0.5q-1 0-3.4-1.1-1.7-0.8-3-2.1t-2.6-3.3q-1.3-1.9-1.3-3.5v-0.1q0.1-1.6 1.3-2.8 0.4-0.4 0.9-0.4 0.1 0 0.3 0t0.3 0q0.3 0 0.5 0.1t0.3 0.5q0.1 0.4 0.6 1.6t0.4 1.3q0 0.4-0.6 1t-0.6 0.8q0 0.1 0.1 0.3 0.6 1.3 1.8 2.4 1 0.9 2.7 1.8 0.2 0.1 0.4 0.1 0.3 0 1-0.9t0.9-0.9zM14 26.9q2.3 0 4.3-0.9t3.6-2.4 2.4-3.6 0.9-4.3-0.9-4.3-2.4-3.6-3.6-2.4-4.3-0.9-4.3 0.9-3.6 2.4-2.4 3.6-0.9 4.3q0 3.6 2.1 6.6l-1.4 4.2 4.3-1.4q2.8 1.9 6.2 1.9zM14 2.2q2.7 0 5.2 1.1t4.3 2.9 2.9 4.3 1.1 5.2-1.1 5.2-2.9 4.3-4.3 2.9-5.2 1.1q-3.5 0-6.5-1.7l-7.4 2.4 2.4-7.2q-1.9-3.2-1.9-6.9 0-2.7 1.1-5.2t2.9-4.3 4.3-2.9 5.2-1.1z\"\/><\/svg><\/span><span class=\"shariff-text\">teilen<\/span>&nbsp;<\/a><\/li><li class=\"shariff-button rss shariff-nocustomcolor\" style=\"background-color:#ff8c00\"><a href=\"https:\/\/www.sosciso.de\/de\/feed\/rss\/\" title=\"RSS-feed\" aria-label=\"RSS-feed\" role=\"button\" class=\"shariff-link\" style=\"; background-color:#fe9312; color:#fff\" target=\"_blank\"><span class=\"shariff-icon\" style=\"\"><svg width=\"32px\" height=\"20px\" xmlns=\"http:\/\/www.w3.org\/2000\/svg\" viewBox=\"0 0 32 32\"><path fill=\"#fe9312\" d=\"M4.3 23.5c-2.3 0-4.3 1.9-4.3 4.3 0 2.3 1.9 4.2 4.3 4.2 2.4 0 4.3-1.9 4.3-4.2 0-2.3-1.9-4.3-4.3-4.3zM0 10.9v6.1c4 0 7.7 1.6 10.6 4.4 2.8 2.8 4.4 6.6 4.4 10.6h6.2c0-11.7-9.5-21.1-21.1-21.1zM0 0v6.1c14.2 0 25.8 11.6 25.8 25.9h6.2c0-17.6-14.4-32-32-32z\"\/><\/svg><\/span><span class=\"shariff-text\">RSS-feed<\/span>&nbsp;<\/a><\/li><li class=\"shariff-button info shariff-nocustomcolor\" style=\"background-color:#eee\"><a href=\"http:\/\/ct.de\/-2467514\" title=\"Weitere Informationen\" aria-label=\"Weitere Informationen\" role=\"button\" rel=\"noopener \" class=\"shariff-link\" style=\"; background-color:#fff; color:#fff\" target=\"_blank\"><span class=\"shariff-icon\" style=\"\"><svg width=\"32px\" height=\"20px\" xmlns=\"http:\/\/www.w3.org\/2000\/svg\" viewBox=\"0 0 11 32\"><path fill=\"#999\" d=\"M11.4 24v2.3q0 0.5-0.3 0.8t-0.8 0.4h-9.1q-0.5 0-0.8-0.4t-0.4-0.8v-2.3q0-0.5 0.4-0.8t0.8-0.4h1.1v-6.8h-1.1q-0.5 0-0.8-0.4t-0.4-0.8v-2.3q0-0.5 0.4-0.8t0.8-0.4h6.8q0.5 0 0.8 0.4t0.4 0.8v10.3h1.1q0.5 0 0.8 0.4t0.3 0.8zM9.2 3.4v3.4q0 0.5-0.4 0.8t-0.8 0.4h-4.6q-0.4 0-0.8-0.4t-0.4-0.8v-3.4q0-0.4 0.4-0.8t0.8-0.4h4.6q0.5 0 0.8 0.4t0.4 0.8z\"\/><\/svg><\/span><\/a><\/li><\/ul><\/div>","protected":false},"excerpt":{"rendered":"<p>Erz\u00e4hl&#8217;s weiter &#8211; zum Einbinden auf Eurer Webseite, hier ein paar Logos zur freien Verf\u00fcgung. Wir freuen uns sehr, wenn Ihr davon Verwendung macht und so zur Verbreitung von SoSciSo beitragt. Ihr k\u00f6nnt das Logo und das Banner auch gerne in irgendeiner Form abwandeln, solange erkenntlich bleibt, was sich dahinter versteckt. Logo einfach 200&#215;200 100&#215;100 [&hellip;]<\/p>\n","protected":false},"author":1,"featured_media":0,"parent":34,"menu_order":3,"comment_status":"open","ping_status":"open","template":"","meta":{"footnotes":""},"class_list":["post-627","page","type-page","status-publish","hentry"],"yoast_head":"<!-- This site is optimized with the Yoast SEO plugin v27.1.1 - https:\/\/yoast.com\/product\/yoast-seo-wordpress\/ -->\n<title>Erz\u00e4hl&#039;s weiter - Spread the word - Social Science Software<\/title>\n<meta name=\"description\" content=\"Werbung f\u00fcr SoSciSo.Erz\u00e4hl&#039;s weiter: Deinen Freunden, Bekannten und Kollegen.Das SoSciSo Logo zum Herunterladen und Einbinden auf Eurer Webseite.Werbung.\" \/>\n<meta name=\"robots\" content=\"index, follow, max-snippet:-1, max-image-preview:large, max-video-preview:-1\" \/>\n<link rel=\"canonical\" href=\"https:\/\/www.sosciso.de\/en\/uber-sosciso\/erzahls-weiter\/\" \/>\n<meta name=\"twitter:label1\" content=\"Gesch\u00e4tzte Lesezeit\" \/>\n\t<meta name=\"twitter:data1\" content=\"1\u00a0Minute\" \/>\n<script type=\"application\/ld+json\" class=\"yoast-schema-graph\">{\"@context\":\"https:\/\/schema.org\",\"@graph\":[{\"@type\":\"WebPage\",\"@id\":\"https:\/\/www.sosciso.de\/en\/uber-sosciso\/erzahls-weiter\/\",\"url\":\"https:\/\/www.sosciso.de\/en\/uber-sosciso\/erzahls-weiter\/\",\"name\":\"Erz\u00e4hl's weiter - Spread the word - Social Science Software\",\"isPartOf\":{\"@id\":\"https:\/\/www.sosciso.de\/en\/#website\"},\"primaryImageOfPage\":{\"@id\":\"https:\/\/www.sosciso.de\/en\/uber-sosciso\/erzahls-weiter\/#primaryimage\"},\"image\":{\"@id\":\"https:\/\/www.sosciso.de\/en\/uber-sosciso\/erzahls-weiter\/#primaryimage\"},\"thumbnailUrl\":\"https:\/\/www.sosciso.de\/wp-content\/uploads\/2012\/08\/logo_200_200.png\",\"datePublished\":\"2012-08-14T13:12:08+00:00\",\"dateModified\":\"2015-11-17T10:35:53+00:00\",\"description\":\"Werbung f\u00fcr SoSciSo.Erz\u00e4hl's weiter: Deinen Freunden, Bekannten und Kollegen.Das SoSciSo Logo zum Herunterladen und Einbinden auf Eurer Webseite.Werbung.\",\"breadcrumb\":{\"@id\":\"https:\/\/www.sosciso.de\/en\/uber-sosciso\/erzahls-weiter\/#breadcrumb\"},\"inLanguage\":\"de\",\"potentialAction\":[{\"@type\":\"ReadAction\",\"target\":[\"https:\/\/www.sosciso.de\/en\/uber-sosciso\/erzahls-weiter\/\"]}]},{\"@type\":\"ImageObject\",\"inLanguage\":\"de\",\"@id\":\"https:\/\/www.sosciso.de\/en\/uber-sosciso\/erzahls-weiter\/#primaryimage\",\"url\":\"https:\/\/www.sosciso.de\/wp-content\/uploads\/2012\/08\/logo_200_200.png\",\"contentUrl\":\"https:\/\/www.sosciso.de\/wp-content\/uploads\/2012\/08\/logo_200_200.png\"},{\"@type\":\"BreadcrumbList\",\"@id\":\"https:\/\/www.sosciso.de\/en\/uber-sosciso\/erzahls-weiter\/#breadcrumb\",\"itemListElement\":[{\"@type\":\"ListItem\",\"position\":1,\"name\":\"About SoSciSo\",\"item\":\"https:\/\/www.sosciso.de\/en\/uber-sosciso\/\"},{\"@type\":\"ListItem\",\"position\":2,\"name\":\"Spread the word\"}]},{\"@type\":\"WebSite\",\"@id\":\"https:\/\/www.sosciso.de\/en\/#website\",\"url\":\"https:\/\/www.sosciso.de\/en\/\",\"name\":\"Social Science Software\",\"description\":\"Software im sozialwissenschaftlichen Forschungsprozess\",\"publisher\":{\"@id\":\"https:\/\/www.sosciso.de\/en\/#organization\"},\"potentialAction\":[{\"@type\":\"SearchAction\",\"target\":{\"@type\":\"EntryPoint\",\"urlTemplate\":\"https:\/\/www.sosciso.de\/en\/?s={search_term_string}\"},\"query-input\":{\"@type\":\"PropertyValueSpecification\",\"valueRequired\":true,\"valueName\":\"search_term_string\"}}],\"inLanguage\":\"de\"},{\"@type\":\"Organization\",\"@id\":\"https:\/\/www.sosciso.de\/en\/#organization\",\"name\":\"Social Science Software\",\"url\":\"https:\/\/www.sosciso.de\/en\/\",\"logo\":{\"@type\":\"ImageObject\",\"inLanguage\":\"de\",\"@id\":\"https:\/\/www.sosciso.de\/en\/#\/schema\/logo\/image\/\",\"url\":\"https:\/\/www.sosciso.de\/wp-content\/uploads\/2021\/01\/logo_weiss_3434.png\",\"contentUrl\":\"https:\/\/www.sosciso.de\/wp-content\/uploads\/2021\/01\/logo_weiss_3434.png\",\"width\":34,\"height\":34,\"caption\":\"Social Science Software\"},\"image\":{\"@id\":\"https:\/\/www.sosciso.de\/en\/#\/schema\/logo\/image\/\"}}]}<\/script>\n<!-- \/ Yoast SEO plugin. -->","yoast_head_json":{"title":"Erz\u00e4hl's weiter - Spread the word - Social Science Software","description":"Werbung f\u00fcr SoSciSo.Erz\u00e4hl's weiter: Deinen Freunden, Bekannten und Kollegen.Das SoSciSo Logo zum Herunterladen und Einbinden auf Eurer Webseite.Werbung.","robots":{"index":"index","follow":"follow","max-snippet":"max-snippet:-1","max-image-preview":"max-image-preview:large","max-video-preview":"max-video-preview:-1"},"canonical":"https:\/\/www.sosciso.de\/en\/uber-sosciso\/erzahls-weiter\/","twitter_misc":{"Gesch\u00e4tzte Lesezeit":"1\u00a0Minute"},"schema":{"@context":"https:\/\/schema.org","@graph":[{"@type":"WebPage","@id":"https:\/\/www.sosciso.de\/en\/uber-sosciso\/erzahls-weiter\/","url":"https:\/\/www.sosciso.de\/en\/uber-sosciso\/erzahls-weiter\/","name":"Erz\u00e4hl's weiter - Spread the word - Social Science Software","isPartOf":{"@id":"https:\/\/www.sosciso.de\/en\/#website"},"primaryImageOfPage":{"@id":"https:\/\/www.sosciso.de\/en\/uber-sosciso\/erzahls-weiter\/#primaryimage"},"image":{"@id":"https:\/\/www.sosciso.de\/en\/uber-sosciso\/erzahls-weiter\/#primaryimage"},"thumbnailUrl":"https:\/\/www.sosciso.de\/wp-content\/uploads\/2012\/08\/logo_200_200.png","datePublished":"2012-08-14T13:12:08+00:00","dateModified":"2015-11-17T10:35:53+00:00","description":"Werbung f\u00fcr SoSciSo.Erz\u00e4hl's weiter: Deinen Freunden, Bekannten und Kollegen.Das SoSciSo Logo zum Herunterladen und Einbinden auf Eurer Webseite.Werbung.","breadcrumb":{"@id":"https:\/\/www.sosciso.de\/en\/uber-sosciso\/erzahls-weiter\/#breadcrumb"},"inLanguage":"de","potentialAction":[{"@type":"ReadAction","target":["https:\/\/www.sosciso.de\/en\/uber-sosciso\/erzahls-weiter\/"]}]},{"@type":"ImageObject","inLanguage":"de","@id":"https:\/\/www.sosciso.de\/en\/uber-sosciso\/erzahls-weiter\/#primaryimage","url":"https:\/\/www.sosciso.de\/wp-content\/uploads\/2012\/08\/logo_200_200.png","contentUrl":"https:\/\/www.sosciso.de\/wp-content\/uploads\/2012\/08\/logo_200_200.png"},{"@type":"BreadcrumbList","@id":"https:\/\/www.sosciso.de\/en\/uber-sosciso\/erzahls-weiter\/#breadcrumb","itemListElement":[{"@type":"ListItem","position":1,"name":"About SoSciSo","item":"https:\/\/www.sosciso.de\/en\/uber-sosciso\/"},{"@type":"ListItem","position":2,"name":"Spread the word"}]},{"@type":"WebSite","@id":"https:\/\/www.sosciso.de\/en\/#website","url":"https:\/\/www.sosciso.de\/en\/","name":"Social Science Software","description":"Software im sozialwissenschaftlichen Forschungsprozess","publisher":{"@id":"https:\/\/www.sosciso.de\/en\/#organization"},"potentialAction":[{"@type":"SearchAction","target":{"@type":"EntryPoint","urlTemplate":"https:\/\/www.sosciso.de\/en\/?s={search_term_string}"},"query-input":{"@type":"PropertyValueSpecification","valueRequired":true,"valueName":"search_term_string"}}],"inLanguage":"de"},{"@type":"Organization","@id":"https:\/\/www.sosciso.de\/en\/#organization","name":"Social Science Software","url":"https:\/\/www.sosciso.de\/en\/","logo":{"@type":"ImageObject","inLanguage":"de","@id":"https:\/\/www.sosciso.de\/en\/#\/schema\/logo\/image\/","url":"https:\/\/www.sosciso.de\/wp-content\/uploads\/2021\/01\/logo_weiss_3434.png","contentUrl":"https:\/\/www.sosciso.de\/wp-content\/uploads\/2021\/01\/logo_weiss_3434.png","width":34,"height":34,"caption":"Social Science Software"},"image":{"@id":"https:\/\/www.sosciso.de\/en\/#\/schema\/logo\/image\/"}}]}},"_links":{"self":[{"href":"https:\/\/www.sosciso.de\/de\/wp-json\/wp\/v2\/pages\/627","targetHints":{"allow":["GET"]}}],"collection":[{"href":"https:\/\/www.sosciso.de\/de\/wp-json\/wp\/v2\/pages"}],"about":[{"href":"https:\/\/www.sosciso.de\/de\/wp-json\/wp\/v2\/types\/page"}],"author":[{"embeddable":true,"href":"https:\/\/www.sosciso.de\/de\/wp-json\/wp\/v2\/users\/1"}],"replies":[{"embeddable":true,"href":"https:\/\/www.sosciso.de\/de\/wp-json\/wp\/v2\/comments?post=627"}],"version-history":[{"count":21,"href":"https:\/\/www.sosciso.de\/de\/wp-json\/wp\/v2\/pages\/627\/revisions"}],"predecessor-version":[{"id":2752,"href":"https:\/\/www.sosciso.de\/de\/wp-json\/wp\/v2\/pages\/627\/revisions\/2752"}],"up":[{"embeddable":true,"href":"https:\/\/www.sosciso.de\/de\/wp-json\/wp\/v2\/pages\/34"}],"wp:attachment":[{"href":"https:\/\/www.sosciso.de\/de\/wp-json\/wp\/v2\/media?parent=627"}],"curies":[{"name":"wp","href":"https:\/\/api.w.org\/{rel}","templated":true}]}}